{"id":42,"date":"2022-07-06T16:20:36","date_gmt":"2022-07-06T19:20:36","guid":{"rendered":"http:\/\/guardioesdasmontanhas.com.br\/?page_id=42"},"modified":"2022-07-06T18:11:45","modified_gmt":"2022-07-06T21:11:45","slug":"sobre-o-clube-de-radioamadores-guardioes-das-montanhas","status":"publish","type":"page","link":"https:\/\/guardioesdasmontanhas.com.br\/index.php\/sobre-o-clube-de-radioamadores-guardioes-das-montanhas\/","title":{"rendered":"Sobre o Clube de Radioamadores Guardi\u00f5es das Montanhas"},"content":{"rendered":"\n<p>O grupo foi constitu\u00eddo informalmente em mar\u00e7o de 2017, com a participa\u00e7\u00e3o dos Radioamadores PU4SYI-Arruda, PU4LMC-Laudson, PU4PCZ-Paulo Cesar, PU4KET-Wellington (hoje PY4WR) e o aspirante ao radioamadorismo Junior. Alguns destes nomes afastaram-se voluntariamente das atividades e n\u00e3o fazem mais parte do grupo de fundadores da associa\u00e7\u00e3o, por motivos diversos.<\/p>\n\n\n\n<p>O CRGM Clube de Radioamadores Guardi\u00f5es da Montanha, tem por finalidade:<\/p>\n\n\n\n<p>Integrar Radioamadores e operadores da Faixa do Cidad\u00e3o fomentando as atividades t\u00edpicas destes servi\u00e7os;<\/p>\n\n\n\n<p>Promover eventos p\u00fablicos com vistas \u00e0 dar visibilidade \u00e0 pr\u00e1tica do radioamadorismo nos seus diversos modos e frequ\u00eancias, dentro dos espectros atribu\u00eddos \u00e0 cada um dos servi\u00e7os mencionados;<\/p>\n\n\n\n<p>Promover a\u00e7\u00f5es beneficentes e solid\u00e1rias prestando servi\u00e7o volunt\u00e1rio e causas sociais;<\/p>\n\n\n\n<p>Promover, organizar e operacionalizar eventos voltados \u00e0s pr\u00e1ticas da radiocomunica\u00e7\u00e3o (Radioamadorismo e Faixa do Cidad\u00e3o) envolvendo encontros, concursos, demonstra\u00e7\u00f5es p\u00fablicas, treinamento e reciclagem dos adeptos;<\/p>\n\n\n\n<p>Apoiar as autoridades competentes com o objetivo de suprir os meios de comunica\u00e7\u00f5es usuais, quando os mesmos n\u00e3o puderem ser acionados, em raz\u00e3o de desastre, situa\u00e7\u00e3o de emerg\u00eancia ou estado de calamidade p\u00fablica;<\/p>\n\n\n\n<p>Apoiar voluntariamente atividades desportivas Off Road (Trail Run, Trilha de Mountain Bike, etc.) com o objetivo de oferecer via radiocomunica\u00e7\u00e3o, em tempo real, o monitoramento dos atletas, bem como apoiar nas a\u00e7\u00f5es de resgate e primeiro atendimento em casa de eventuais acidentes ou incidentes;<\/p>\n\n\n\n<p>Apoiar atividades relacionadas ao Radioescotismo, oferecendo estrutura para os eventos como JOTA\/JOTI, \u201cr\u00e1dio acampamentos\u201d e atividades cong\u00eaneres;<\/p>\n\n\n\n<p>Outras atividades relacionadas ao radioamadorismo em geral, nos termos da legisla\u00e7\u00e3o vigente.<\/p>\n","protected":false},"excerpt":{"rendered":"<p>O grupo foi constitu\u00eddo informalmente em mar\u00e7o de 2017, com a participa\u00e7\u00e3o dos Radioamadores PU4SYI-Arruda, PU4LMC-Laudson, PU4PCZ-Paulo Cesar, PU4KET-Wellington (hoje PY4WR) e o aspirante ao radioamadorismo Junior. Alguns destes nomes afastaram-se voluntariamente das atividades e n\u00e3o fazem mais parte do grupo de fundadores da associa\u00e7\u00e3o, por motivos diversos. O CRGM Clube de Radioamadores Guardi\u00f5es da [&hellip;]<\/p>\n","protected":false},"author":1,"featured_media":0,"parent":0,"menu_order":0,"comment_status":"closed","ping_status":"closed","template":"","meta":{"footnotes":""},"class_list":["post-42","page","type-page","status-publish","hentry"],"_links":{"self":[{"href":"https:\/\/guardioesdasmontanhas.com.br\/index.php\/wp-json\/wp\/v2\/pages\/42","targetHints":{"allow":["GET"]}}],"collection":[{"href":"https:\/\/guardioesdasmontanhas.com.br\/index.php\/wp-json\/wp\/v2\/pages"}],"about":[{"href":"https:\/\/guardioesdasmontanhas.com.br\/index.php\/wp-json\/wp\/v2\/types\/page"}],"author":[{"embeddable":true,"href":"https:\/\/guardioesdasmontanhas.com.br\/index.php\/wp-json\/wp\/v2\/users\/1"}],"replies":[{"embeddable":true,"href":"https:\/\/guardioesdasmontanhas.com.br\/index.php\/wp-json\/wp\/v2\/comments?post=42"}],"version-history":[{"count":2,"href":"https:\/\/guardioesdasmontanhas.com.br\/index.php\/wp-json\/wp\/v2\/pages\/42\/revisions"}],"predecessor-version":[{"id":87,"href":"https:\/\/guardioesdasmontanhas.com.br\/index.php\/wp-json\/wp\/v2\/pages\/42\/revisions\/87"}],"wp:attachment":[{"href":"https:\/\/guardioesdasmontanhas.com.br\/index.php\/wp-json\/wp\/v2\/media?parent=42"}],"curies":[{"name":"wp","href":"https:\/\/api.w.org\/{rel}","templated":true}]}}