{"id":49,"date":"2022-07-06T16:38:31","date_gmt":"2022-07-06T19:38:31","guid":{"rendered":"http:\/\/guardioesdasmontanhas.com.br\/?page_id=49"},"modified":"2022-07-06T17:59:16","modified_gmt":"2022-07-06T20:59:16","slug":"noar","status":"publish","type":"page","link":"https:\/\/guardioesdasmontanhas.com.br\/index.php\/noar\/","title":{"rendered":"No Ar"},"content":{"rendered":"\n<div id=\"pcp_wrapper-85\" class=\"sp-pcp-section sp-pcp-container pcp-wrapper-85\">\n\t<div class=\"sp-pcp-row\">\n\t\t\t\t<div class=\" sp-pcp-col-xs-1 sp-pcp-col-sm-2 sp-pcp-col-md-3 sp-pcp-col-lg-4 sp-pcp-col-xl-4\">\n\t\t\t<div class=\"sp-pcp-post pcp-item-94\" data-id=\"94\">\n\t\t\t\t\t\t\t\t<div class=\"pcp-post-thumb-wrapper\">\n\t\t\t\t\t<div class=\"sp-pcp-post-thumb-area\">\n\t\t\t\t\t\t\t\t\t\t\t\t<a class=\"sp-pcp-thumb\" href=\"https:\/\/guardioesdasmontanhas.com.br\/index.php\/2024\/01\/30\/radio-acampamento-16a-edicao\/\" target=\"_self\" >\n\t\t\t\t\t\t\t\t\t\t\t\t\t<img loading=\"lazy\" decoding=\"async\" src=\"https:\/\/guardioesdasmontanhas.com.br\/wp-content\/uploads\/2024\/01\/IMG-20240129-WA0069.jpg\" width=\"1600\" height=\"900\" alt=\"\">\n\t\t\t\t\t\t<\/a>\n\t\t\t\t\t<\/div>\n\t\t\t\t<\/div>\n\t\t\t\t\t\t\t<h2 class=\"sp-pcp-title\">\n\t\t\t\t\t\t\t\t\t<a href=\"https:\/\/guardioesdasmontanhas.com.br\/index.php\/2024\/01\/30\/radio-acampamento-16a-edicao\/\"  target=\"_self\">R\u00e1dio Acampamento 16\u00aa Edi\u00e7\u00e3o<\/a>\t\t\t\t\t\t\t<\/h2>\n\t\t\t\t\t\t<div class=\"sp-pcp-post-meta\">\n\t\t\t<ul><li>\t\t\t\t\t<i class=\"fa fa-user\"><\/i>\n\t\t\t\t\t<a href=\"https:\/\/guardioesdasmontanhas.com.br\/index.php\/author\/guardioesdasmontanhas\/\"\n\t\t\t\t\t\trel=\"author\">guardioesdasmontanhas<\/a>\n\t\t\t\t\t<\/li> <li>\t\t\t\t\t<i class=\"fa fa-calendar\"><\/i>\n\n<time class=\"entry-date published updated\">30 de janeiro de 2024<\/time>\n\t\t\t\t\t<\/li><\/ul>\t\t<\/div>\n\t\t\t\t\t<div class=\"sp-pcp-post-content\">\n\t\t\t<p>O grupo de radioamadores Guardi\u00f5es das Montanhas, inicia sua temporada de r\u00e1dio acampamentos 2024 em grande estilo. Em sua 16\u00aa edi\u00e7\u00e3o, com 25 participantes entre radioamadores, operadores da Faixa do Cidad\u00e3o e familiares, o evento foi um sucesso. Na oportunidade, o Parque Estadual do Rola Mo\u00e7a obteve seu registro no &#8220;POTA&#8221; (Parks on the Air&#8221;), [&hellip;]<\/p>\n\t\t<div class=\"sp-pcp-readmore\">\n\t\t\t\t\t\t\t<a class=\"pcp-readmore-link\" target=\"_self\" href=\"https:\/\/guardioesdasmontanhas.com.br\/index.php\/2024\/01\/30\/radio-acampamento-16a-edicao\/\" >\n\t\t\t\t\t\tSaiba Mais <\/a>\n\t\t<\/div>\n\t\t\t\t\t<\/div>\n\t\t\t\t\t\t<\/div>\n\t\t<\/div>\n\t\t\t\t<div class=\" sp-pcp-col-xs-1 sp-pcp-col-sm-2 sp-pcp-col-md-3 sp-pcp-col-lg-4 sp-pcp-col-xl-4\">\n\t\t\t<div class=\"sp-pcp-post pcp-item-1\" data-id=\"1\">\n\t\t\t\t\t\t\t\t<div class=\"pcp-post-thumb-wrapper\">\n\t\t\t\t\t<div class=\"sp-pcp-post-thumb-area\">\n\t\t\t\t\t\t\t\t\t\t\t\t<a class=\"sp-pcp-thumb\" href=\"https:\/\/guardioesdasmontanhas.com.br\/index.php\/2022\/07\/06\/encontro-em-bh\/\" target=\"_self\" >\n\t\t\t\t\t\t\t\t\t\t\t\t\t<img loading=\"lazy\" decoding=\"async\" src=\"https:\/\/guardioesdasmontanhas.com.br\/wp-content\/uploads\/2022\/07\/FOTO2.jpg\" width=\"1340\" height=\"984\" alt=\"\">\n\t\t\t\t\t\t<\/a>\n\t\t\t\t\t<\/div>\n\t\t\t\t<\/div>\n\t\t\t\t\t\t\t<h2 class=\"sp-pcp-title\">\n\t\t\t\t\t\t\t\t\t<a href=\"https:\/\/guardioesdasmontanhas.com.br\/index.php\/2022\/07\/06\/encontro-em-bh\/\"  target=\"_self\">Encontro em BH<\/a>\t\t\t\t\t\t\t<\/h2>\n\t\t\t\t\t\t<div class=\"sp-pcp-post-meta\">\n\t\t\t<ul><li>\t\t\t\t\t<i class=\"fa fa-user\"><\/i>\n\t\t\t\t\t<a href=\"https:\/\/guardioesdasmontanhas.com.br\/index.php\/author\/guardioesdasmontanhas\/\"\n\t\t\t\t\t\trel=\"author\">guardioesdasmontanhas<\/a>\n\t\t\t\t\t<\/li> <li>\t\t\t\t\t<i class=\"fa fa-calendar\"><\/i>\n\n<time class=\"entry-date published updated\">6 de julho de 2022<\/time>\n\t\t\t\t\t<\/li><\/ul>\t\t<\/div>\n\t\t\t\t\t<div class=\"sp-pcp-post-content\">\n\t\t\t<p>Encontro em Belo Horizonte &#8211; MG<\/p>\n\t\t<div class=\"sp-pcp-readmore\">\n\t\t\t\t\t\t\t<a class=\"pcp-readmore-link\" target=\"_self\" href=\"https:\/\/guardioesdasmontanhas.com.br\/index.php\/2022\/07\/06\/encontro-em-bh\/\" >\n\t\t\t\t\t\tSaiba Mais <\/a>\n\t\t<\/div>\n\t\t\t\t\t<\/div>\n\t\t\t\t\t\t<\/div>\n\t\t<\/div>\n\t\t\t<\/div>\n\t\t<span class=\"sp-pcp-pagination-data\" style=\"display:none;\"><\/span>\n\n\t\t<nav class=\"pcp-post-pagination pcp-on-desktop\">\n\t\t\t\t\t<\/nav>\n\t\t\t\t\t<nav class=\"pcp-post-pagination pcp-on-mobile\">\n\t\t\t\t\t<\/nav>\n\t\t\t\t<\/div>\n\n","protected":false},"excerpt":{"rendered":"","protected":false},"author":1,"featured_media":0,"parent":0,"menu_order":0,"comment_status":"closed","ping_status":"closed","template":"","meta":{"footnotes":""},"class_list":["post-49","page","type-page","status-publish","hentry"],"_links":{"self":[{"href":"https:\/\/guardioesdasmontanhas.com.br\/index.php\/wp-json\/wp\/v2\/pages\/49","targetHints":{"allow":["GET"]}}],"collection":[{"href":"https:\/\/guardioesdasmontanhas.com.br\/index.php\/wp-json\/wp\/v2\/pages"}],"about":[{"href":"https:\/\/guardioesdasmontanhas.com.br\/index.php\/wp-json\/wp\/v2\/types\/page"}],"author":[{"embeddable":true,"href":"https:\/\/guardioesdasmontanhas.com.br\/index.php\/wp-json\/wp\/v2\/users\/1"}],"replies":[{"embeddable":true,"href":"https:\/\/guardioesdasmontanhas.com.br\/index.php\/wp-json\/wp\/v2\/comments?post=49"}],"version-history":[{"count":16,"href":"https:\/\/guardioesdasmontanhas.com.br\/index.php\/wp-json\/wp\/v2\/pages\/49\/revisions"}],"predecessor-version":[{"id":86,"href":"https:\/\/guardioesdasmontanhas.com.br\/index.php\/wp-json\/wp\/v2\/pages\/49\/revisions\/86"}],"wp:attachment":[{"href":"https:\/\/guardioesdasmontanhas.com.br\/index.php\/wp-json\/wp\/v2\/media?parent=49"}],"curies":[{"name":"wp","href":"https:\/\/api.w.org\/{rel}","templated":true}]}}